{"id":138,"date":"2015-12-17T15:30:02","date_gmt":"2015-12-17T15:30:02","guid":{"rendered":"https:\/\/gaviaspreview.com\/wp\/kunco\/?page_id=138"},"modified":"2025-04-09T17:00:31","modified_gmt":"2025-04-09T15:00:31","slug":"home-4","status":"publish","type":"page","link":"https:\/\/twoja-kancelaria24.pl\/?page_id=138","title":{"rendered":"Home 4"},"content":{"rendered":"<div class=\"wpb-content-wrapper\"><p>[vc_row fullwidth=&#8221;0&#8243; row_space=&#8221;remove_padding&#8221; isfullwidth=&#8221;0&#8243;][vc_column]\n\t\t\t\t<p class=\"rs-p-wp-fix\"><\/p>\n\t\t\t\t<sr7-module data-alias=\"slider-1\" data-id=\"1\" id=\"SR7_1_1\" class=\"rs-ov-hidden\" data-version=\"6.7.27\">\n\t\t\t\t\t<sr7-adjuster><\/sr7-adjuster>\n\t\t\t\t\t<sr7-content>\n\t\t\t\t\t\t<sr7-slide id=\"SR7_1_1-1\" data-key=\"1\">\n\t\t\t\t\t\t\t<sr7-txt id=\"SR7_1_1-1-1\" class=\"sr7-layer\">Nawet <span style=\"color:red; padding:7px; padding-top:0px\">4134<\/span>\nz\u0142 miesi\u0119cznie dla<br> os\u00f3b \n z niepe\u0142nosprawno\u015bci\u0105!<\/sr7-txt>\n\t\t\t\t\t\t\t<sr7-txt id=\"SR7_1_1-1-2\" class=\"sr7-layer\">Pomagamy w uzyskaniu \u015bwiadczenia <br>\nwspieraj\u0105cego \noraz decyzji <br> o potrzebie wsparcia.\n\n<\/sr7-txt>\n\t\t\t\t\t\t\t<sr7-txt id=\"SR7_1_1-1-3\" class=\"sr7-layer\">\ud83d\udcde <span class='rozm'>Porozmawiaj z nami <br> \u2709\ufe0f Zostaw kontakt<\/span><\/sr7-txt>\n\t\t\t\t\t\t<\/sr7-slide>\n\t\t\t\t\t\t<sr7-slide id=\"SR7_1_1-2\" data-key=\"2\">\n\t\t\t\t\t\t<\/sr7-slide>\n\t\t\t\t\t<\/sr7-content>\n\t\t\t\t\t<image_lists style=\"display:none\">\n\t\t\t\t\t\t<img data-src=\"\/\/twoja-kancelaria24.pl\/wp-content\/uploads\/2025\/05\/tlo_puzzle-4.jpg\" data-libid=\"4548\" data-lib=\"medialibrary\" alt=\"T\u0142o kancelaria\" title=\"tlo_puzzle\" width=\"0\" height=\"0\" data-dbsrc=\"Ly90d29qYS1rYW5jZWxhcmlhMjQucGwvd3AtY29udGVudC91cGxvYWRzLzIwMjUvMDUvdGxvX3B1enpsZS00LmpwZw==\"\/>\n\t\t\t\t\t<\/image_lists>\n\t\t\t\t<\/sr7-module>\n\t\t\t\t<script>\n\t\t\t\t\tSR7.PMH ??={}; SR7.PMH[\"SR7_1_1\"] = {cn:100,state:false,fn: function() { if (_tpt!==undefined && _tpt.prepareModuleHeight !== undefined) {  _tpt.prepareModuleHeight({id:\"SR7_1_1\",el:[600,600,768,960,720],type:'standard',shdw:'0',gh:[600,600,495,376,232],gw:[1240,1240,1024,778,480],vpt:['-100px'],size:{fullWidth:true, fullHeight:false},mh:'0',onh:0,onw:0,bg:{color:'{\"orig\":\"transparent\",\"type\":\"solid\",\"string\":\"transparent\"}'}});   SR7.PMH[\"SR7_1_1\"].state=true;} else if(SR7.PMH[\"SR7_1_1\"].cn-->0)\tsetTimeout( SR7.PMH[\"SR7_1_1\"].fn,19);}};SR7.PMH[\"SR7_1_1\" ].fn();\n\t\t\t\t<\/script>\n[\/vc_column][\/vc_row][vc_row][vc_column][vc_row_inner][vc_column_inner][gva_block_heading title=&#8221;How We Work&#8221;]Lorem ipsum dolor sit amet, consectetur adipisicing elit, sed do eiusmod tempor incididunt ut labore et dolore magna aliqua.[\/gva_block_heading][\/vc_column_inner][\/vc_row_inner][vc_row_inner][vc_column_inner width=&#8221;1\/2&#8243; offset=&#8221;vc_col-lg-3 vc_col-md-3&#8243;][gva_box_color text_style=&#8221;white&#8221; image=&#8221;3879&#8243; link=&#8221;#&#8221; text_link=&#8221;Read more&#8221; title=&#8221;Water Refine&#8221;][\/gva_box_color][\/vc_column_inner][vc_column_inner width=&#8221;1\/2&#8243; offset=&#8221;vc_col-lg-3 vc_col-md-3&#8243;][gva_box_color text_style=&#8221;white&#8221; image=&#8221;3880&#8243; link=&#8221;#&#8221; text_link=&#8221;Read more&#8221; title=&#8221;Save Environment&#8221;][\/gva_box_color][\/vc_column_inner][vc_column_inner width=&#8221;1\/2&#8243; offset=&#8221;vc_col-lg-3 vc_col-md-3&#8243;][gva_box_color text_style=&#8221;white&#8221; image=&#8221;3877&#8243; link=&#8221;#&#8221; text_link=&#8221;Read more&#8221; title=&#8221;Make the world green&#8221;][\/gva_box_color][\/vc_column_inner][vc_column_inner width=&#8221;1\/2&#8243; offset=&#8221;vc_col-lg-3 vc_col-md-3&#8243;][gva_box_color text_style=&#8221;white&#8221; image=&#8221;3878&#8243; link=&#8221;#&#8221; text_link=&#8221;Fundraise&#8221; title=&#8221;Eco System&#8221;][\/gva_box_color][\/vc_column_inner][\/vc_row_inner][\/vc_column][\/vc_row][vc_row isfullwidth=&#8221;0&#8243; css=&#8221;.vc_custom_1535009088606{background-color: #f2f2f2 !important;background-position: 0 0 !important;background-repeat: repeat !important;}&#8221;][vc_column offset=&#8221;vc_col-lg-6 vc_col-md-6&#8243;][vc_row_inner][vc_column_inner][gva_block_heading title=&#8221;Join Campaign &amp; helping us by donating&#8221; style=&#8221;style-2&#8243; align=&#8221;align-left&#8221; desc=&#8221;Aenean lacinia bibendum nulla sed consectetur. Integer posuere erat a ante venenatis dapibus posuere velit aliquet.&#8221; subtitle=&#8221;We\u2019re helping hand on&#8221;][\/gva_block_heading][\/vc_column_inner][\/vc_row_inner][vc_row_inner][vc_column_inner width=&#8221;1\/2&#8243; offset=&#8221;vc_col-xs-6&#8243;][gva_icon_box title=&#8221;Education&#8221; icon=&#8221;gv-icon-1015&#8243; description=&#8221;Start an avocado orchard, send a child to school or invest in a single.&#8221; icon_position=&#8221;top-left-title&#8221; icon_width=&#8221;fa-2x&#8221; icon_border=&#8221;border-1&#8243; icon_radius=&#8221;radius-5x&#8221; hidden_desc=&#8221;true&#8221; icon_background=&#8221;#fff&#8221;][\/vc_column_inner][vc_column_inner width=&#8221;1\/2&#8243; offset=&#8221;vc_col-xs-6&#8243;][gva_icon_box title=&#8221;Entertainment&#8221; icon=&#8221;gv-icon-442&#8243; description=&#8221;Start an avocado orchard, send a child to school or invest in a single.&#8221; icon_position=&#8221;top-left-title&#8221; icon_width=&#8221;fa-2x&#8221; icon_border=&#8221;border-1&#8243; icon_radius=&#8221;radius-5x&#8221; hidden_desc=&#8221;true&#8221; icon_background=&#8221;#fff&#8221;][\/vc_column_inner][\/vc_row_inner][vc_row_inner][vc_column_inner width=&#8221;1\/2&#8243; offset=&#8221;vc_col-xs-6&#8243;][gva_icon_box title=&#8221;Food&#8221; icon=&#8221;gv-icon-433&#8243; description=&#8221;Start an avocado orchard, send a child to school or invest in a single.&#8221; icon_position=&#8221;top-left-title&#8221; icon_width=&#8221;fa-2x&#8221; icon_border=&#8221;border-1&#8243; icon_radius=&#8221;radius-5x&#8221; hidden_desc=&#8221;true&#8221; icon_background=&#8221;#fff&#8221;][\/vc_column_inner][vc_column_inner width=&#8221;1\/2&#8243; offset=&#8221;vc_col-xs-6&#8243;][gva_icon_box title=&#8221;Team Building&#8221; icon=&#8221;gv-icon-1011&#8243; description=&#8221;Start an avocado orchard, send a child to school or invest in a single.&#8221; icon_position=&#8221;top-left-title&#8221; icon_width=&#8221;fa-2x&#8221; icon_border=&#8221;border-1&#8243; icon_radius=&#8221;radius-5x&#8221; hidden_desc=&#8221;true&#8221; icon_background=&#8221;#fff&#8221;][\/vc_column_inner][\/vc_row_inner][\/vc_column][vc_column offset=&#8221;vc_col-lg-6 vc_col-md-6&#8243;][gva_box_video photo=&#8221;3723&#8243;]https:\/\/www.youtube.com\/watch?v=4g7zRxRN1Xk[\/gva_box_video][\/vc_column][\/vc_row][vc_row][vc_column][vc_row_inner][vc_column_inner][gva_block_heading title=&#8221;What We Are Doing ?&#8221; desc=&#8221;Aenean lacinia bibendum nulla sed consectetur. Integer posuere erat a ante venenatis dapibus posuere velit aliquet.&#8221;][\/gva_block_heading][\/vc_column_inner][\/vc_row_inner][vc_row_inner][vc_column_inner width=&#8221;1\/3&#8243; offset=&#8221;vc_col-xs-6&#8243;][gva_icon_box title=&#8221;Recycling&#8221; icon=&#8221;gv-icon-1504&#8243; description=&#8221;Carbon emissions reductions truth, approaches enable medical supplies malnutrition achieving developing pathway to a better life.&#8221; icon_width=&#8221;fa-3x&#8221;][\/vc_column_inner][vc_column_inner width=&#8221;1\/3&#8243; offset=&#8221;vc_col-xs-6&#8243;][gva_icon_box title=&#8221;Eco System&#8221; icon=&#8221;gv-icon-1568&#8243; description=&#8221;Carbon emissions reductions truth, approaches enable medical supplies malnutrition achieving developing pathway to a better life.&#8221; icon_width=&#8221;fa-3x&#8221;][\/vc_column_inner][vc_column_inner width=&#8221;1\/3&#8243;][gva_icon_box title=&#8221;Saving Forests&#8221; icon=&#8221;gv-icon-1573&#8243; description=&#8221;Carbon emissions reductions truth, approaches enable medical supplies malnutrition achieving developing pathway to a better life.&#8221; icon_width=&#8221;fa-3x&#8221;][\/vc_column_inner][\/vc_row_inner][vc_row_inner][vc_column_inner width=&#8221;1\/3&#8243; offset=&#8221;vc_col-xs-6&#8243;][gva_icon_box title=&#8221;Water Eefining&#8221; icon=&#8221;gv-icon-1376&#8243; description=&#8221;Carbon emissions reductions truth, approaches enable medical supplies malnutrition achieving developing pathway to a better life.&#8221; icon_width=&#8221;fa-3x&#8221;][\/vc_column_inner][vc_column_inner width=&#8221;1\/3&#8243; offset=&#8221;vc_col-xs-6&#8243;][gva_icon_box title=&#8221;Wind Energy&#8221; icon=&#8221;gv-icon-38&#8243; description=&#8221;Carbon emissions reductions truth, approaches enable medical supplies malnutrition achieving developing pathway to a better life.&#8221; icon_width=&#8221;fa-3x&#8221;][\/vc_column_inner][vc_column_inner width=&#8221;1\/3&#8243;][gva_icon_box title=&#8221;Saving Animals&#8221; icon=&#8221;gv-icon-1289&#8243; description=&#8221;Carbon emissions reductions truth, approaches enable medical supplies malnutrition achieving developing pathway to a better life.&#8221; icon_width=&#8221;fa-3x&#8221;][\/vc_column_inner][\/vc_row_inner][\/vc_column][\/vc_row][vc_row isfullwidth=&#8221;&#8221; css=&#8221;.vc_custom_1535009060705{padding-bottom: 0px !important;background-color: #f2f2f2 !important;}&#8221;][vc_column][gva_block_heading title=&#8221;Latest Campaigns&#8221; align=&#8221;align-left-2&#8243; class=&#8221;&#8222;btn-theme&#8222;&#8221; subtitle=&#8221;Campaigns&#8221;]<a class=\"btn-theme\" href=\"#\">View All<\/a>[\/gva_block_heading][gva_give_grid per_page=&#8221;6&#8243; excerpt_words=&#8221;14&#8243; items_lg=&#8221;3&#8243; items_md=&#8221;3&#8243; items_sm=&#8221;2&#8243; items_xs=&#8221;2&#8243;][\/vc_column][\/vc_row][vc_row][vc_column][gva_block_heading title=&#8221;Some outstanding activities&#8221; style=&#8221;style-2&#8243; align=&#8221;align-left-2&#8243; subtitle=&#8221;Joining Hands To Help The World\u2019s&#8221; desc=&#8221;Aenean lacinia bibendum nulla sed consectetur. Integer posuere erat a ante venenatis dapibus posuere velit aliquet&#8221;]Aenean lacinia bibendum nulla sed consectetur. Integer posuere erat a ante venenatis dapibus posuere velit aliquet[\/gva_block_heading][gva_portfolio_carousel remove_padding=&#8221;&#8221; items_lg=&#8221;3&#8243; items_md=&#8221;3&#8243; items_sm=&#8221;2&#8243; items_xs=&#8221;2&#8243; ca_pagination=&#8221;0&#8243; ids=&#8221;2151&#8243;][vc_column_text el_class=&#8221;text-center margin-top-10&#8243;]<\/p>\n<div class=\"text-medium text-black margin-bottom-10 margin-top-20\">Kunco &#8211; the most trusted <strong>fundraising &amp; charity<\/strong> platform!<\/div>\n<p><a class=\"btn-theme\" href=\"#\">View All<\/a>[\/vc_column_text][\/vc_column][\/vc_row][vc_row parallax=&#8221;content-moving&#8221; parallax_image=&#8221;3732&#8243; row_space=&#8221;padding-large&#8221;][vc_column][gva_call_to_action title=&#8221;We Need You Help!&#8221; button_align=&#8221;button-center&#8221; subtitle=&#8221;We are working hard to&#8221; width=&#8221;690px&#8221; video=&#8221;https:\/\/www.youtube.com\/watch?v=4g7zRxRN1Xk&#8221;]Yerramma rests after a mile walk carrying Lalitha on her hip and this heavy container of water on her head. Thanks to a new well drilled by OBI teams however, this young family will now have safe access to clean water.[\/gva_call_to_action][\/vc_column][\/vc_row][vc_row][vc_column offset=&#8221;vc_col-lg-6 vc_col-md-6&#8243;][vc_single_image image=&#8221;3738&#8243; img_size=&#8221;full&#8221;][\/vc_column][vc_column offset=&#8221;vc_col-lg-6 vc_col-md-6&#8243;][gva_call_to_action title=&#8221;Together We Can Make A Difference&#8221; button_align=&#8221;button-bottom&#8221; style_text=&#8221;text-dark&#8221; link=&#8221;#&#8221; text_link=&#8221;Read more&#8221;]Lorem ipsum dolor sit amet, consectetur adipiscing elit, sed do eiusmod tempor asin cididunt ut labore et dolore magna ali qua. Lorem ipsum dolor sit amet.<\/p>\n<p>Lorem ipsum dolor sit amet, consectetur adipiscing elit, sed do eiusmod tempor asin cididunt ut labore et dolore magna ali qua. Lorem ipsum dolor sit amet.[\/gva_call_to_action][\/vc_column][\/vc_row][vc_row parallax=&#8221;content-moving&#8221; parallax_image=&#8221;3735&#8243;][vc_column][gva_block_heading title=&#8221;What People Say ?&#8221; style_text=&#8221;text-light&#8221;][\/gva_block_heading][gva_testimonial text_color_style=&#8221;text-light&#8221; items_lg=&#8221;1&#8243; items_md=&#8221;1&#8243; items_sm=&#8221;1&#8243; items_xs=&#8221;1&#8243;][\/vc_column][\/vc_row][vc_row row_space=&#8221;remove_padding_bottom&#8221;][vc_column][gva_block_heading title=&#8221;From Our Activity&#8221; align=&#8221;align-left-2&#8243; subtitle=&#8221;You Can Join Us&#8221;]Aenean lacinia bibendum nulla sed consectetur. Integer posuere erat a ante venenatis dapibus posuere velit aliquet[\/gva_block_heading][gva_gallery_carousel number=&#8221;10&#8243; ca_pagination=&#8221;0&#8243;][\/vc_column][\/vc_row][vc_row row_space=&#8221;remove_padding_bottom&#8221;][vc_column][gva_block_heading title=&#8221;From Our Blog&#8221; icon=&#8221;gv-icon-619&#8243; align=&#8221;align-left-2&#8243; subtitle=&#8221;Helping Hands News&#8221;]<a class=\"btn-theme\" href=\"#\">View All<\/a>[\/gva_block_heading][gva_blogs_carousel items_lg=&#8221;3&#8243; items_md=&#8221;3&#8243; items_sm=&#8221;2&#8243; items_xs=&#8221;2&#8243; ca_pagination=&#8221;0&#8243; show_excerpt=&#8221;true&#8221; loop=&#8221;size:6|order_by:date|post_type:post&#8221;][\/vc_column][\/vc_row][vc_row custom_background=&#8221;bg-center&#8221; css=&#8221;.vc_custom_1530520416036{background-image: url(https:\/\/twoja-kancelaria24.pl\/wp-content\/uploads\/2018\/07\/map-1.png?id=2956) !important;}&#8221;][vc_column][gva_block_heading title=&#8221;Kunco Makes Strength&#8221; style=&#8221;style-3&#8243; desc=&#8221;Our Partners Are From All Over The World.&#8221;]OUR PARTNERS ARE FROM ALL OVER THE WORLD[\/gva_block_heading][gva_brands per_page=&#8221;12&#8243; items_lg=&#8221;5&#8243; items_md=&#8221;4&#8243; items_sm=&#8221;3&#8243; items_xs=&#8221;2&#8243; ca_navigation=&#8221;0&#8243; ca_pagination=&#8221;0&#8243; columns=&#8221;5&#8243;][\/vc_column][\/vc_row]<\/p>\n<\/div>","protected":false},"excerpt":{"rendered":"<p>[vc_row fullwidth=&#8221;0&#8243; row_space=&#8221;remove_padding&#8221; isfullwidth=&#8221;0&#8243;][vc_column][\/vc_column][\/vc_row][vc_row][vc_column][vc_row_inner][vc_column_inner][gva_block_heading title=&#8221;How We Work&#8221;]Lorem ipsum dolor sit amet, consectetur adipisicing elit, sed do eiusmod tempor incididunt ut labore et dolore magna aliqua.[\/gva_block_heading][\/vc_column_inner][\/vc_row_inner][vc_row_inner][vc_column_inner width=&#8221;1\/2&#8243; offset=&#8221;vc_col-lg-3 vc_col-md-3&#8243;][gva_box_color text_style=&#8221;white&#8221; image=&#8221;3879&#8243; link=&#8221;#&#8221; text_link=&#8221;Read more&#8221; title=&#8221;Water Refine&#8221;][\/gva_box_color][\/vc_column_inner][vc_column_inner width=&#8221;1\/2&#8243; offset=&#8221;vc_col-lg-3 vc_col-md-3&#8243;][gva_box_color text_style=&#8221;white&#8221; image=&#8221;3880&#8243; link=&#8221;#&#8221; text_link=&#8221;Read more&#8221; title=&#8221;Save Environment&#8221;][\/gva_box_color][\/vc_column_inner][vc_column_inner width=&#8221;1\/2&#8243; offset=&#8221;vc_col-lg-3 vc_col-md-3&#8243;][gva_box_color text_style=&#8221;white&#8221; image=&#8221;3877&#8243; link=&#8221;#&#8221; text_link=&#8221;Read more&#8221; title=&#8221;Make the [&hellip;]<\/p>\n","protected":false},"author":1,"featured_media":0,"parent":0,"menu_order":0,"comment_status":"closed","ping_status":"closed","template":"","meta":{"give_campaign_id":0,"footnotes":""},"class_list":["post-138","page","type-page","status-publish","hentry"],"campaignId":"","_links":{"self":[{"href":"https:\/\/twoja-kancelaria24.pl\/index.php?rest_route=\/wp\/v2\/pages\/138","targetHints":{"allow":["GET"]}}],"collection":[{"href":"https:\/\/twoja-kancelaria24.pl\/index.php?rest_route=\/wp\/v2\/pages"}],"about":[{"href":"https:\/\/twoja-kancelaria24.pl\/index.php?rest_route=\/wp\/v2\/types\/page"}],"author":[{"embeddable":true,"href":"https:\/\/twoja-kancelaria24.pl\/index.php?rest_route=\/wp\/v2\/users\/1"}],"replies":[{"embeddable":true,"href":"https:\/\/twoja-kancelaria24.pl\/index.php?rest_route=%2Fwp%2Fv2%2Fcomments&post=138"}],"version-history":[{"count":1,"href":"https:\/\/twoja-kancelaria24.pl\/index.php?rest_route=\/wp\/v2\/pages\/138\/revisions"}],"predecessor-version":[{"id":4178,"href":"https:\/\/twoja-kancelaria24.pl\/index.php?rest_route=\/wp\/v2\/pages\/138\/revisions\/4178"}],"wp:attachment":[{"href":"https:\/\/twoja-kancelaria24.pl\/index.php?rest_route=%2Fwp%2Fv2%2Fmedia&parent=138"}],"curies":[{"name":"wp","href":"https:\/\/api.w.org\/{rel}","templated":true}]}}