{"id":147,"date":"2015-12-22T07:13:27","date_gmt":"2015-12-22T07:13:27","guid":{"rendered":"https:\/\/gaviaspreview.com\/wp\/kunco\/?page_id=147"},"modified":"2025-04-09T16:58:34","modified_gmt":"2025-04-09T14:58:34","slug":"home-3","status":"publish","type":"page","link":"https:\/\/twoja-kancelaria24.pl\/?page_id=147","title":{"rendered":"Home 2"},"content":{"rendered":"<div class=\"wpb-content-wrapper\"><p>[vc_row fullwidth=&#8221;0&#8243; row_space=&#8221;remove_padding&#8221; isfullwidth=&#8221;0&#8243;][vc_column]\n\t\t\t\t<p class=\"rs-p-wp-fix\"><\/p>\n\t\t\t\t<sr7-module data-alias=\"slider-1\" data-id=\"1\" id=\"SR7_1_1\" class=\"rs-ov-hidden\" data-version=\"6.7.27\">\n\t\t\t\t\t<sr7-adjuster><\/sr7-adjuster>\n\t\t\t\t\t<sr7-content>\n\t\t\t\t\t\t<sr7-slide id=\"SR7_1_1-1\" data-key=\"1\">\n\t\t\t\t\t\t\t<sr7-txt id=\"SR7_1_1-1-1\" class=\"sr7-layer\">Nawet <span style=\"color:red; padding:7px; padding-top:0px\">4134<\/span>\nz\u0142 miesi\u0119cznie dla<br> os\u00f3b \n z niepe\u0142nosprawno\u015bci\u0105!<\/sr7-txt>\n\t\t\t\t\t\t\t<sr7-txt id=\"SR7_1_1-1-2\" class=\"sr7-layer\">Pomagamy w uzyskaniu \u015bwiadczenia <br>\nwspieraj\u0105cego \noraz decyzji <br> o potrzebie wsparcia.\n\n<\/sr7-txt>\n\t\t\t\t\t\t\t<sr7-txt id=\"SR7_1_1-1-3\" class=\"sr7-layer\">\ud83d\udcde <span class='rozm'>Porozmawiaj z nami <br> \u2709\ufe0f Zostaw kontakt<\/span><\/sr7-txt>\n\t\t\t\t\t\t<\/sr7-slide>\n\t\t\t\t\t\t<sr7-slide id=\"SR7_1_1-2\" data-key=\"2\">\n\t\t\t\t\t\t<\/sr7-slide>\n\t\t\t\t\t<\/sr7-content>\n\t\t\t\t\t<image_lists style=\"display:none\">\n\t\t\t\t\t\t<img data-src=\"\/\/twoja-kancelaria24.pl\/wp-content\/uploads\/2025\/05\/tlo_puzzle-4.jpg\" data-libid=\"4548\" data-lib=\"medialibrary\" alt=\"T\u0142o kancelaria\" title=\"tlo_puzzle\" width=\"0\" height=\"0\" data-dbsrc=\"Ly90d29qYS1rYW5jZWxhcmlhMjQucGwvd3AtY29udGVudC91cGxvYWRzLzIwMjUvMDUvdGxvX3B1enpsZS00LmpwZw==\"\/>\n\t\t\t\t\t<\/image_lists>\n\t\t\t\t<\/sr7-module>\n\t\t\t\t<script>\n\t\t\t\t\tSR7.PMH ??={}; SR7.PMH[\"SR7_1_1\"] = {cn:100,state:false,fn: function() { if (_tpt!==undefined && _tpt.prepareModuleHeight !== undefined) {  _tpt.prepareModuleHeight({id:\"SR7_1_1\",el:[600,600,768,960,720],type:'standard',shdw:'0',gh:[600,600,495,376,232],gw:[1240,1240,1024,778,480],vpt:['-100px'],size:{fullWidth:true, fullHeight:false},mh:'0',onh:0,onw:0,bg:{color:'{\"orig\":\"transparent\",\"type\":\"solid\",\"string\":\"transparent\"}'}});   SR7.PMH[\"SR7_1_1\"].state=true;} else if(SR7.PMH[\"SR7_1_1\"].cn-->0)\tsetTimeout( SR7.PMH[\"SR7_1_1\"].fn,19);}};SR7.PMH[\"SR7_1_1\" ].fn();\n\t\t\t\t<\/script>\n[\/vc_column][\/vc_row][vc_row row_space=&#8221;remove_padding&#8221; css=&#8221;.vc_custom_1534836646615{background-color: #f4f5f9 !important;}&#8221;][vc_column][gva_call_to_action title=&#8221;Take Action For Animals Now&#8221; button_align=&#8221;button-right-2&#8243; link=&#8221;#&#8221; text_link=&#8221;Donation Now&#8221;]Animals around the world need people like you. Find out how you can help us move the world to protect animals, and give them better lives.[\/gva_call_to_action][\/vc_column][\/vc_row][vc_row css=&#8221;.vc_custom_1534836310784{background-color: #f4f5f9 !important;}&#8221;][vc_column][vc_row_inner][vc_column_inner][gva_block_heading title=&#8221;Our vision is a world where animals live free from suffering &#8211; together we can move the world for animals&#8221; style=&#8221;style-4&#8243;][\/gva_block_heading][\/vc_column_inner][\/vc_row_inner][vc_row_inner][vc_column_inner width=&#8221;1\/3&#8243;][gva_image_content title=&#8221;Animal Protection&#8221; background=&#8221;3635&#8243; style=&#8221;style-2&#8243; photo=&#8221;3635&#8243; link=&#8221;#&#8221;]From educating students to rescuing animals in disaster zones &#8211; learn what we do and where[\/gva_image_content][\/vc_column_inner][vc_column_inner width=&#8221;1\/3&#8243;][gva_image_content title=&#8221;Our Work&#8221; background=&#8221;3637&#8243; style=&#8221;style-2&#8243; photo=&#8221;3637&#8243; link=&#8221;#&#8221;]From educating students to rescuing animals in disaster zones &#8211; learn what we do and where[\/gva_image_content][\/vc_column_inner][vc_column_inner width=&#8221;1\/3&#8243;][gva_image_content title=&#8221;Take Action&#8221; background=&#8221;3636&#8243; style=&#8221;style-2&#8243; photo=&#8221;3636&#8243; link=&#8221;#&#8221;]From educating students to rescuing animals in disaster zones &#8211; learn what we do and where[\/gva_image_content][\/vc_column_inner][\/vc_row_inner][\/vc_column][\/vc_row][vc_row parallax=&#8221;content-moving&#8221; parallax_image=&#8221;3641&#8243; parallax_speed_bg=&#8221;1.6&#8243; row_space=&#8221;padding-bottom-large&#8221; isfullwidth=&#8221;&#8221; css=&#8221;.vc_custom_1534837526795{background-color: #f4f5f9 !important;}&#8221;][vc_column][vc_row_inner][vc_column_inner][gva_block_heading title=&#8221;You Can Make A Difference&#8221; style_text=&#8221;text-light&#8221; desc=&#8221;Donec id elit non mi porta gravida at eget metus lorem ipsum dolor.&#8221;][\/gva_block_heading][\/vc_column_inner][\/vc_row_inner][vc_row_inner][vc_column_inner width=&#8221;1\/3&#8243;][gva_icon_box title=&#8221;Donate&#8221; description=&#8221;Aenean lacinia bibendum nulla consectetur. Integer posuere dapibus posuere aliquet.&#8221; icon_position=&#8221;top-center v2&#8243; icon_width=&#8221;fa-2x&#8221; skin_text=&#8221;text-light&#8221; icon_color=&#8221;#FFA600&#8243; image=&#8221;3843&#8243;][\/vc_column_inner][vc_column_inner width=&#8221;1\/3&#8243;][gva_icon_box title=&#8221;Join Team&#8221; description=&#8221;Aenean lacinia bibendum nulla consectetur. Integer posuere dapibus posuere aliquet.&#8221; icon_position=&#8221;top-center v2&#8243; icon_width=&#8221;fa-2x&#8221; skin_text=&#8221;text-light&#8221; icon_color=&#8221;#FFA600&#8243; image=&#8221;3844&#8243;][\/vc_column_inner][vc_column_inner width=&#8221;1\/3&#8243;][gva_icon_box title=&#8221;Give Monthly&#8221; description=&#8221;Aenean lacinia bibendum nulla consectetur. Integer posuere dapibus posuere aliquet.&#8221; icon_position=&#8221;top-center v2&#8243; icon_width=&#8221;fa-2x&#8221; skin_text=&#8221;text-light&#8221; icon_color=&#8221;#FFA600&#8243; image=&#8221;3848&#8243;][\/vc_column_inner][\/vc_row_inner][\/vc_column][\/vc_row][vc_row row_space=&#8221;remove_padding&#8221; css=&#8221;.vc_custom_1534837613935{background-color: #f4f5f9 !important;}&#8221;][vc_column width=&#8221;1\/2&#8243; offset=&#8221;vc_col-lg-3 vc_col-md-3&#8243;][gva_counter title=&#8221;Animals Rescued&#8221; icon=&#8221;gv-icon-449&#8243; number=&#8221;11503&#8243; icon_position=&#8221;icon-top&#8221; icon_color=&#8221;#ff9800&#8243; el_class=&#8221;margin-1&#8243;][\/gva_counter][\/vc_column][vc_column width=&#8221;1\/2&#8243; offset=&#8221;vc_col-lg-3 vc_col-md-3&#8243;][gva_counter title=&#8221;Caring For Pets&#8221; icon=&#8221;gv-icon-1593&#8243; number=&#8221;4290&#8243; icon_position=&#8221;icon-top&#8221; icon_color=&#8221;#8bca4e&#8221; el_class=&#8221;margin-1&#8243;][\/gva_counter][\/vc_column][vc_column width=&#8221;1\/2&#8243; offset=&#8221;vc_col-lg-3 vc_col-md-3&#8243;][gva_counter title=&#8221;Donated&#8221; icon=&#8221;gv-icon-994&#8243; number=&#8221;14&#8243; symbol=&#8221;M $&#8221; icon_position=&#8221;icon-top&#8221; icon_color=&#8221;#fec501&#8243; el_class=&#8221;margin-1&#8243;][\/gva_counter][\/vc_column][vc_column width=&#8221;1\/2&#8243; offset=&#8221;vc_col-lg-3 vc_col-md-3&#8243;][gva_counter title=&#8221;Surgeries Performed&#8221; icon=&#8221;gv-icon-1274&#8243; number=&#8221;8515&#8243; icon_position=&#8221;icon-top&#8221; icon_color=&#8221;#5586e8&#8243; el_class=&#8221;margin-1&#8243;][\/gva_counter][\/vc_column][\/vc_row][vc_row isfullwidth=&#8221;&#8221; css=&#8221;.vc_custom_1534478136995{padding-bottom: 0px !important;background-color: #f4f5f9 !important;}&#8221;][vc_column][gva_block_heading title=&#8221;Featured Campaigns&#8221; align=&#8221;align-left-2&#8243; class=&#8221;&#8222;btn-inline&#8222;&#8221; subtitle=&#8221;help the world better&#8221; desc=&#8221;Aenean lacinia bibendum nulla sed consectetur. Integer posuere erat a ante venenatis dapibus posuere velit aliquet&#8221;]Aenean lacinia bibendum nulla sed consectetur. Integer posuere erat a ante venenatis dapibus posuere velit aliquet[\/gva_block_heading][gva_give_carousel_3 excerpt_words=&#8221;26&#8243;][\/vc_column][\/vc_row][vc_row parallax=&#8221;content-moving&#8221; parallax_image=&#8221;3647&#8243; row_space=&#8221;padding-large&#8221;][vc_column][gva_call_to_action title=&#8221;Help The Center Put A Stop To Animal Cruelty&#8221; button_align=&#8221;button-center&#8221; subtitle=&#8221;We are working hard to&#8221; width=&#8221;690px&#8221; video=&#8221;https:\/\/www.youtube.com\/watch?v=4g7zRxRN1Xk&#8221;]Animals around the world need people like you. Find out how you can help us move the world to protect animals, and give them better lives.[\/gva_call_to_action][\/vc_column][\/vc_row][vc_row isfullwidth=&#8221;&#8221; css=&#8221;.vc_custom_1532107424465{padding-bottom: 0px !important;background-color: #f4f5f9 !important;}&#8221;][vc_column][gva_block_heading title=&#8221;Latest Campaigns&#8221; align=&#8221;align-left-2&#8243; class=&#8221;&#8222;btn-theme&#8222;&#8221; subtitle=&#8221;Campaigns&#8221;]<a class=\"btn-theme\" href=\"#\">View All<\/a>[\/gva_block_heading][gva_give_grid per_page=&#8221;6&#8243; excerpt_words=&#8221;14&#8243; items_lg=&#8221;3&#8243; items_md=&#8221;3&#8243; items_sm=&#8221;2&#8243; items_xs=&#8221;2&#8243;][\/vc_column][\/vc_row][vc_row row_space=&#8221;remove_padding_bottom&#8221;][vc_column][gva_block_heading title=&#8221;Some outstanding activities&#8221; style=&#8221;style-2&#8243; align=&#8221;align-left-2&#8243; subtitle=&#8221;Joining Hands To Help The World\u2019s&#8221; desc=&#8221;Aenean lacinia bibendum nulla sed consectetur. Integer posuere erat a ante venenatis dapibus posuere velit aliquet&#8221;]Aenean lacinia bibendum nulla sed consectetur. Integer posuere erat a ante venenatis dapibus posuere velit aliquet[\/gva_block_heading][gva_portfolio_slideset filter=&#8221;true&#8221; remove_padding=&#8221;&#8221; items_lg=&#8221;3&#8243; items_md=&#8221;3&#8243; items_sm=&#8221;2&#8243; items_xs=&#8221;1&#8243;][vc_column_text el_class=&#8221;text-center margin-bottom-0&#8243;]<\/p>\n<div class=\"text-medium text-black margin-bottom-10 margin-top-20\">Kunco &#8211; the most trusted <strong>fundraising &amp; charity<\/strong> platform!<\/div>\n<p><a class=\"btn-theme\" href=\"#\">View All<\/a>[\/vc_column_text][\/vc_column][\/vc_row][vc_row isfullwidth=&#8221;0&#8243; css=&#8221;.vc_custom_1534492297757{background-position: 0 0 !important;background-repeat: repeat !important;}&#8221;][vc_column width=&#8221;2\/3&#8243; css=&#8221;.vc_custom_1535689861668{margin-bottom: 30px !important;padding-top: 30px !important;padding-right: 30px !important;padding-bottom: 30px !important;padding-left: 30px !important;background-color: #f4f5f9 !important;}&#8221;][gva_block_heading title=&#8221;Animal news from around the world&#8221; style=&#8221;style-4&#8243; align=&#8221;align-left&#8221;][\/gva_block_heading][gva_blogs_list excerpt_words=&#8221;15&#8243; read_more=&#8221;true&#8221; loop=&#8221;size:3|order_by:date|post_type:post&#8221;][\/vc_column][vc_column width=&#8221;1\/3&#8243;][gva_facebook_box page_url=&#8221;https:\/\/www.facebook.com\/gaviasthemes&#8221; width=&#8221;370&#8243; height=&#8221;450&#8243; show_faces=&#8221;1&#8243; show_stream=&#8221;1&#8243; show_header=&#8221;1&#8243;][vc_single_image image=&#8221;3672&#8243; img_size=&#8221;full&#8221; alignment=&#8221;center&#8221;][\/vc_column][\/vc_row][vc_row parallax=&#8221;content-moving&#8221; parallax_image=&#8221;3682&#8243;][vc_column][gva_block_heading title=&#8221;What People Say ?&#8221; style_text=&#8221;text-light&#8221;][\/gva_block_heading][gva_testimonial text_color_style=&#8221;text-light&#8221; items_lg=&#8221;1&#8243; items_md=&#8221;1&#8243; items_sm=&#8221;1&#8243; items_xs=&#8221;1&#8243;][\/vc_column][\/vc_row][vc_row row_space=&#8221;remove_padding_bottom&#8221;][vc_column][gva_block_heading title=&#8221;Meet Our Volunteers&#8221; icon=&#8221;gv-icon-619&#8243; align=&#8221;align-left-2&#8243; subtitle=&#8221;You Can Join Us&#8221;]<a class=\"btn-theme\" href=\"#\">View All<\/a>[\/gva_block_heading][gva_team_carousel team_ids=&#8221;2876,2595&#8243; excerpt_words=&#8221;9&#8243; items_lg=&#8221;4&#8243; items_md=&#8221;3&#8243; items_sm=&#8221;2&#8243; items_xs=&#8221;2&#8243; ca_pagination=&#8221;0&#8243;][\/vc_column][\/vc_row][vc_row custom_background=&#8221;bg-center&#8221; css=&#8221;.vc_custom_1530520416036{background-image: url(https:\/\/twoja-kancelaria24.pl\/wp-content\/uploads\/2018\/07\/map-1.png?id=2956) !important;}&#8221;][vc_column][gva_block_heading title=&#8221;Kunco Makes Strength&#8221; style=&#8221;style-3&#8243; desc=&#8221;Our Partners Are From All Over The World.&#8221;]OUR PARTNERS ARE FROM ALL OVER THE WORLD[\/gva_block_heading][gva_brands per_page=&#8221;12&#8243; items_lg=&#8221;5&#8243; items_md=&#8221;4&#8243; items_sm=&#8221;3&#8243; items_xs=&#8221;2&#8243; ca_navigation=&#8221;0&#8243; ca_pagination=&#8221;0&#8243; columns=&#8221;5&#8243;][\/vc_column][\/vc_row][vc_row css=&#8221;.vc_custom_1534989975845{background-color: #f4f5f9 !important;}&#8221;][vc_column][vc_row_inner][vc_column_inner][gva_block_heading title=&#8221;More Ways You Can Help&#8221;][\/gva_block_heading][\/vc_column_inner][\/vc_row_inner][vc_row_inner][vc_column_inner width=&#8221;1\/2&#8243; offset=&#8221;vc_col-lg-3 vc_col-md-3&#8243;][gva_image_content title=&#8221;Campaign With Us&#8221; background=&#8221;3637&#8243; style=&#8221;style-2&#8243; photo=&#8221;3637&#8243; link=&#8221;#&#8221;]For a safer world for animal[\/gva_image_content][\/vc_column_inner][vc_column_inner width=&#8221;1\/2&#8243; offset=&#8221;vc_col-lg-3 vc_col-md-3&#8243;][gva_image_content title=&#8221;Running Events&#8221; background=&#8221;3860&#8243; style=&#8221;style-2&#8243; photo=&#8221;3860&#8243; link=&#8221;#&#8221;]For a safer world for animal[\/gva_image_content][\/vc_column_inner][vc_column_inner width=&#8221;1\/2&#8243; offset=&#8221;vc_col-lg-3 vc_col-md-3&#8243;][gva_image_content title=&#8221;Campaign With Us&#8221; background=&#8221;3861&#8243; style=&#8221;style-2&#8243; photo=&#8221;3861&#8243; link=&#8221;#&#8221;]For a safer world for animal[\/gva_image_content][\/vc_column_inner][vc_column_inner width=&#8221;1\/2&#8243; offset=&#8221;vc_col-lg-3 vc_col-md-3&#8243;][gva_image_content title=&#8221;Campaign With Us&#8221; background=&#8221;3862&#8243; style=&#8221;style-2&#8243; photo=&#8221;3862&#8243; link=&#8221;#&#8221;]For a safer world for animal[\/gva_image_content][\/vc_column_inner][\/vc_row_inner][\/vc_column][\/vc_row]<\/p>\n<\/div>","protected":false},"excerpt":{"rendered":"<p>[vc_row fullwidth=&#8221;0&#8243; row_space=&#8221;remove_padding&#8221; isfullwidth=&#8221;0&#8243;][vc_column][\/vc_column][\/vc_row][vc_row row_space=&#8221;remove_padding&#8221; css=&#8221;.vc_custom_1534836646615{background-color: #f4f5f9 !important;}&#8221;][vc_column][gva_call_to_action title=&#8221;Take Action For Animals Now&#8221; button_align=&#8221;button-right-2&#8243; link=&#8221;#&#8221; text_link=&#8221;Donation Now&#8221;]Animals around the world need people like you. Find out how you can help us move the world to protect animals, and give them better lives.[\/gva_call_to_action][\/vc_column][\/vc_row][vc_row css=&#8221;.vc_custom_1534836310784{background-color: #f4f5f9 !important;}&#8221;][vc_column][vc_row_inner][vc_column_inner][gva_block_heading title=&#8221;Our vision is a world where animals live free from [&hellip;]<\/p>\n","protected":false},"author":1,"featured_media":0,"parent":0,"menu_order":0,"comment_status":"closed","ping_status":"closed","template":"","meta":{"give_campaign_id":0,"footnotes":""},"class_list":["post-147","page","type-page","status-publish","hentry"],"campaignId":"","_links":{"self":[{"href":"https:\/\/twoja-kancelaria24.pl\/index.php?rest_route=\/wp\/v2\/pages\/147","targetHints":{"allow":["GET"]}}],"collection":[{"href":"https:\/\/twoja-kancelaria24.pl\/index.php?rest_route=\/wp\/v2\/pages"}],"about":[{"href":"https:\/\/twoja-kancelaria24.pl\/index.php?rest_route=\/wp\/v2\/types\/page"}],"author":[{"embeddable":true,"href":"https:\/\/twoja-kancelaria24.pl\/index.php?rest_route=\/wp\/v2\/users\/1"}],"replies":[{"embeddable":true,"href":"https:\/\/twoja-kancelaria24.pl\/index.php?rest_route=%2Fwp%2Fv2%2Fcomments&post=147"}],"version-history":[{"count":1,"href":"https:\/\/twoja-kancelaria24.pl\/index.php?rest_route=\/wp\/v2\/pages\/147\/revisions"}],"predecessor-version":[{"id":4176,"href":"https:\/\/twoja-kancelaria24.pl\/index.php?rest_route=\/wp\/v2\/pages\/147\/revisions\/4176"}],"wp:attachment":[{"href":"https:\/\/twoja-kancelaria24.pl\/index.php?rest_route=%2Fwp%2Fv2%2Fmedia&parent=147"}],"curies":[{"name":"wp","href":"https:\/\/api.w.org\/{rel}","templated":true}]}}